{"id":143,"date":"2024-02-12T18:40:51","date_gmt":"2024-02-12T17:40:51","guid":{"rendered":"https:\/\/xn--chteau-bout-du-bois-cvb.fr\/?page_id=143"},"modified":"2025-09-14T12:43:30","modified_gmt":"2025-09-14T10:43:30","slug":"histoire-du-chateau-du-bout-du-bois","status":"publish","type":"page","link":"https:\/\/xn--chteau-bout-du-bois-cvb.fr\/index.php\/histoire-du-chateau-du-bout-du-bois\/","title":{"rendered":"Histoire du Ch\u00e2teau du bout du bois"},"content":{"rendered":"\t\t<div data-elementor-type=\"wp-page\" data-elementor-id=\"143\" class=\"elementor elementor-143\">\n\t\t\t\t<div class=\"elementor-element elementor-element-12749b9 e-flex e-con-boxed e-con e-parent\" data-id=\"12749b9\" data-element_type=\"container\">\n\t\t\t\t\t<div class=\"e-con-inner\">\n\t\t\t\t<div class=\"elementor-element elementor-element-ce5166d elementor-widget elementor-widget-image\" data-id=\"ce5166d\" data-element_type=\"widget\" data-widget_type=\"image.default\">\n\t\t\t\t<div class=\"elementor-widget-container\">\n\t\t\t<style>\/*! elementor - v3.23.0 - 25-07-2024 *\/\n.elementor-widget-image{text-align:center}.elementor-widget-image a{display:inline-block}.elementor-widget-image a img[src$=\".svg\"]{width:48px}.elementor-widget-image img{vertical-align:middle;display:inline-block}<\/style>\t\t\t\t\t\t\t\t\t\t<img fetchpriority=\"high\" decoding=\"async\" width=\"1024\" height=\"700\" src=\"https:\/\/xn--chteau-bout-du-bois-cvb.fr\/wp-content\/uploads\/2023\/11\/a235-1024x700.jpg\" class=\"attachment-large size-large wp-image-31\" alt=\"\" srcset=\"https:\/\/xn--chteau-bout-du-bois-cvb.fr\/wp-content\/uploads\/2023\/11\/a235-1024x700.jpg 1024w, https:\/\/xn--chteau-bout-du-bois-cvb.fr\/wp-content\/uploads\/2023\/11\/a235-300x205.jpg 300w, https:\/\/xn--chteau-bout-du-bois-cvb.fr\/wp-content\/uploads\/2023\/11\/a235-768x525.jpg 768w, https:\/\/xn--chteau-bout-du-bois-cvb.fr\/wp-content\/uploads\/2023\/11\/a235-e1707759484309.jpg 900w\" sizes=\"(max-width: 1024px) 100vw, 1024px\" \/>\t\t\t\t\t\t\t\t\t\t\t\t\t<\/div>\n\t\t\t\t<\/div>\n\t\t\t\t\t<\/div>\n\t\t\t\t<\/div>\n\t\t<div class=\"elementor-element elementor-element-6697ea4 e-flex e-con-boxed e-con e-parent\" data-id=\"6697ea4\" data-element_type=\"container\">\n\t\t\t\t\t<div class=\"e-con-inner\">\n\t\t\t\t<div class=\"elementor-element elementor-element-31e9b02 elementor-widget elementor-widget-text-editor\" data-id=\"31e9b02\" data-element_type=\"widget\" data-widget_type=\"text-editor.default\">\n\t\t\t\t<div class=\"elementor-widget-container\">\n\t\t\t<style>\/*! elementor - v3.23.0 - 25-07-2024 *\/\n.elementor-widget-text-editor.elementor-drop-cap-view-stacked .elementor-drop-cap{background-color:#69727d;color:#fff}.elementor-widget-text-editor.elementor-drop-cap-view-framed .elementor-drop-cap{color:#69727d;border:3px solid;background-color:transparent}.elementor-widget-text-editor:not(.elementor-drop-cap-view-default) .elementor-drop-cap{margin-top:8px}.elementor-widget-text-editor:not(.elementor-drop-cap-view-default) .elementor-drop-cap-letter{width:1em;height:1em}.elementor-widget-text-editor .elementor-drop-cap{float:left;text-align:center;line-height:1;font-size:50px}.elementor-widget-text-editor .elementor-drop-cap-letter{display:inline-block}<\/style>\t\t\t\t<p>Appartenant autrefois au hameau du Bout du Bois, le ch\u00e2teau est aujourd&rsquo;hui rattach\u00e9 \u00e0 la commune de Montjavoult; c&rsquo;est la raison pour laquelle il est aussi appel\u00e9 \u00a0 \u00a0 \u00a0 \u00a0 \u00a0 \u00a0 \u00a0 \u00a0 \u00a0 \u00a0 \u00a0 \u00a0\u00a0<\/p><h4><u><em>\u00ab\u00a0Le Ch\u00e2teau de Montjavoult\u00a0\u00bb<\/em><\/u><\/h4>\t\t\t\t\t\t<\/div>\n\t\t\t\t<\/div>\n\t\t\t\t\t<\/div>\n\t\t\t\t<\/div>\n\t\t<div class=\"elementor-element elementor-element-afc6a2a e-flex e-con-boxed e-con e-parent\" data-id=\"afc6a2a\" data-element_type=\"container\">\n\t\t\t\t\t<div class=\"e-con-inner\">\n\t\t\t\t<div class=\"elementor-element elementor-element-29f408d elementor-widget elementor-widget-image\" data-id=\"29f408d\" data-element_type=\"widget\" data-widget_type=\"image.default\">\n\t\t\t\t<div class=\"elementor-widget-container\">\n\t\t\t\t\t\t\t\t\t\t\t\t\t<img decoding=\"async\" width=\"1024\" height=\"906\" src=\"https:\/\/xn--chteau-bout-du-bois-cvb.fr\/wp-content\/uploads\/2023\/11\/a2-1024x906.jpg\" class=\"attachment-large size-large wp-image-29\" alt=\"\" srcset=\"https:\/\/xn--chteau-bout-du-bois-cvb.fr\/wp-content\/uploads\/2023\/11\/a2-1024x906.jpg 1024w, https:\/\/xn--chteau-bout-du-bois-cvb.fr\/wp-content\/uploads\/2023\/11\/a2-300x266.jpg 300w, https:\/\/xn--chteau-bout-du-bois-cvb.fr\/wp-content\/uploads\/2023\/11\/a2-768x680.jpg 768w, https:\/\/xn--chteau-bout-du-bois-cvb.fr\/wp-content\/uploads\/2023\/11\/a2-1536x1359.jpg 1536w, https:\/\/xn--chteau-bout-du-bois-cvb.fr\/wp-content\/uploads\/2023\/11\/a2-2048x1813.jpg 2048w\" sizes=\"(max-width: 1024px) 100vw, 1024px\" \/>\t\t\t\t\t\t\t\t\t\t\t\t\t<\/div>\n\t\t\t\t<\/div>\n\t\t\t\t<div class=\"elementor-element elementor-element-bf2a179 elementor-widget elementor-widget-text-editor\" data-id=\"bf2a179\" data-element_type=\"widget\" data-widget_type=\"text-editor.default\">\n\t\t\t\t<div class=\"elementor-widget-container\">\n\t\t\t\t\t\t\t<div class=\"row\"><div class=\"columns large-6\" data-bloc-type=\"text\"><div class=\"panel\"><p>En 1914, le ch\u00e2teau accueille une partie de l&rsquo;\u00e9tat-major alli\u00e9.<\/p><p><strong>Troupes am\u00e9ricaines au ch\u00e2teau<\/strong><\/p><p>-G\u00e9n\u00e9ral PERSHING<\/p><p>-G\u00e9n\u00e9ral BULLARD ( commandant de la 1\u00e8re D.I)<\/p><p>-G\u00e9n\u00e9ral BROOK ( commandant de la 2\u00e8me brigade)<\/p><\/div><\/div><\/div>\t\t\t\t\t\t<\/div>\n\t\t\t\t<\/div>\n\t\t\t\t\t<\/div>\n\t\t\t\t<\/div>\n\t\t<div class=\"elementor-element elementor-element-e2a02a8 e-con-full e-flex e-con e-parent\" data-id=\"e2a02a8\" data-element_type=\"container\">\n\t\t\t\t<div class=\"elementor-element elementor-element-686da1d elementor-widget elementor-widget-image\" data-id=\"686da1d\" data-element_type=\"widget\" data-widget_type=\"image.default\">\n\t\t\t\t<div class=\"elementor-widget-container\">\n\t\t\t\t\t\t\t\t\t\t\t\t\t<img decoding=\"async\" width=\"1024\" height=\"810\" src=\"https:\/\/xn--chteau-bout-du-bois-cvb.fr\/wp-content\/uploads\/2024\/02\/general-Pershing-1-e1707930064919-1024x810.jpg\" class=\"attachment-large size-large wp-image-206\" alt=\"\" srcset=\"https:\/\/xn--chteau-bout-du-bois-cvb.fr\/wp-content\/uploads\/2024\/02\/general-Pershing-1-e1707930064919-1024x810.jpg 1024w, https:\/\/xn--chteau-bout-du-bois-cvb.fr\/wp-content\/uploads\/2024\/02\/general-Pershing-1-e1707930064919-300x237.jpg 300w, https:\/\/xn--chteau-bout-du-bois-cvb.fr\/wp-content\/uploads\/2024\/02\/general-Pershing-1-e1707930064919-768x608.jpg 768w, https:\/\/xn--chteau-bout-du-bois-cvb.fr\/wp-content\/uploads\/2024\/02\/general-Pershing-1-e1707930064919.jpg 1442w\" sizes=\"(max-width: 1024px) 100vw, 1024px\" \/>\t\t\t\t\t\t\t\t\t\t\t\t\t<\/div>\n\t\t\t\t<\/div>\n\t\t\t\t<\/div>\n\t\t<div class=\"elementor-element elementor-element-5934a5b e-flex e-con-boxed e-con e-parent\" data-id=\"5934a5b\" data-element_type=\"container\">\n\t\t\t\t\t<div class=\"e-con-inner\">\n\t\t\t\t<div class=\"elementor-element elementor-element-19d950f elementor-widget elementor-widget-text-editor\" data-id=\"19d950f\" data-element_type=\"widget\" data-widget_type=\"text-editor.default\">\n\t\t\t\t<div class=\"elementor-widget-container\">\n\t\t\t\t\t\t\t<h5 style=\"text-align: center;\"><strong>Cette grande demeure bourgeoise fa\u00eete d&rsquo;histoire et de vie nous rappelle \u00e0 quel point tout est possible, \u00e0 quelle d\u00e9mesure des hommes peuvent faire face; un compromis entre la vie d&rsquo;autrefois et le renouveau et la modernit\u00e9 d&rsquo;aujourd&rsquo;hui&#8230;<\/strong><\/h5><h4 style=\"text-align: center;\">un site unique qui traverse le temps&#8230;<\/h4>\t\t\t\t\t\t<\/div>\n\t\t\t\t<\/div>\n\t\t\t\t<div class=\"elementor-element elementor-element-099967e elementor-widget elementor-widget-image\" data-id=\"099967e\" data-element_type=\"widget\" data-widget_type=\"image.default\">\n\t\t\t\t<div class=\"elementor-widget-container\">\n\t\t\t\t\t\t\t\t\t\t\t\t\t<img loading=\"lazy\" decoding=\"async\" width=\"1024\" height=\"637\" src=\"https:\/\/xn--chteau-bout-du-bois-cvb.fr\/wp-content\/uploads\/2023\/11\/abc-e1707843566450-1024x637.jpg\" class=\"attachment-large size-large wp-image-33\" alt=\"\" srcset=\"https:\/\/xn--chteau-bout-du-bois-cvb.fr\/wp-content\/uploads\/2023\/11\/abc-e1707843566450-1024x637.jpg 1024w, https:\/\/xn--chteau-bout-du-bois-cvb.fr\/wp-content\/uploads\/2023\/11\/abc-e1707843566450-300x186.jpg 300w, https:\/\/xn--chteau-bout-du-bois-cvb.fr\/wp-content\/uploads\/2023\/11\/abc-e1707843566450-768x477.jpg 768w, https:\/\/xn--chteau-bout-du-bois-cvb.fr\/wp-content\/uploads\/2023\/11\/abc-e1707843566450-1536x955.jpg 1536w, https:\/\/xn--chteau-bout-du-bois-cvb.fr\/wp-content\/uploads\/2023\/11\/abc-e1707843566450.jpg 1665w\" sizes=\"(max-width: 1024px) 100vw, 1024px\" \/>\t\t\t\t\t\t\t\t\t\t\t\t\t<\/div>\n\t\t\t\t<\/div>\n\t\t\t\t\t<\/div>\n\t\t\t\t<\/div>\n\t\t<div class=\"elementor-element elementor-element-11e6ddd e-flex e-con-boxed e-con e-parent\" data-id=\"11e6ddd\" data-element_type=\"container\">\n\t\t\t\t\t<div class=\"e-con-inner\">\n\t\t\t\t<div class=\"elementor-element elementor-element-40e4486 elementor-widget elementor-widget-image\" data-id=\"40e4486\" data-element_type=\"widget\" data-widget_type=\"image.default\">\n\t\t\t\t<div class=\"elementor-widget-container\">\n\t\t\t\t\t\t\t\t\t\t\t\t\t<img loading=\"lazy\" decoding=\"async\" width=\"1024\" height=\"768\" src=\"https:\/\/xn--chteau-bout-du-bois-cvb.fr\/wp-content\/uploads\/2025\/05\/IMG_2827-1024x768.jpg\" class=\"attachment-large size-large wp-image-305\" alt=\"\" srcset=\"https:\/\/xn--chteau-bout-du-bois-cvb.fr\/wp-content\/uploads\/2025\/05\/IMG_2827-1024x768.jpg 1024w, https:\/\/xn--chteau-bout-du-bois-cvb.fr\/wp-content\/uploads\/2025\/05\/IMG_2827-300x225.jpg 300w, https:\/\/xn--chteau-bout-du-bois-cvb.fr\/wp-content\/uploads\/2025\/05\/IMG_2827-768x576.jpg 768w, https:\/\/xn--chteau-bout-du-bois-cvb.fr\/wp-content\/uploads\/2025\/05\/IMG_2827-1536x1152.jpg 1536w, https:\/\/xn--chteau-bout-du-bois-cvb.fr\/wp-content\/uploads\/2025\/05\/IMG_2827-2048x1536.jpg 2048w\" sizes=\"(max-width: 1024px) 100vw, 1024px\" \/>\t\t\t\t\t\t\t\t\t\t\t\t\t<\/div>\n\t\t\t\t<\/div>\n\t\t\t\t\t<\/div>\n\t\t\t\t<\/div>\n\t\t<div class=\"elementor-element elementor-element-d4987d5 e-flex e-con-boxed e-con e-parent\" data-id=\"d4987d5\" data-element_type=\"container\">\n\t\t\t\t\t<div class=\"e-con-inner\">\n\t\t\t\t<div class=\"elementor-element elementor-element-8eba2da elementor-widget elementor-widget-image\" data-id=\"8eba2da\" data-element_type=\"widget\" data-widget_type=\"image.default\">\n\t\t\t\t<div class=\"elementor-widget-container\">\n\t\t\t\t\t\t\t\t\t\t\t\t\t<img loading=\"lazy\" decoding=\"async\" width=\"1024\" height=\"576\" src=\"https:\/\/xn--chteau-bout-du-bois-cvb.fr\/wp-content\/uploads\/2025\/09\/chateau-facade-1024x576.jpg\" class=\"attachment-large size-large wp-image-443\" alt=\"\" srcset=\"https:\/\/xn--chteau-bout-du-bois-cvb.fr\/wp-content\/uploads\/2025\/09\/chateau-facade-1024x576.jpg 1024w, https:\/\/xn--chteau-bout-du-bois-cvb.fr\/wp-content\/uploads\/2025\/09\/chateau-facade-300x169.jpg 300w, https:\/\/xn--chteau-bout-du-bois-cvb.fr\/wp-content\/uploads\/2025\/09\/chateau-facade-768x432.jpg 768w, https:\/\/xn--chteau-bout-du-bois-cvb.fr\/wp-content\/uploads\/2025\/09\/chateau-facade.jpg 1080w\" sizes=\"(max-width: 1024px) 100vw, 1024px\" \/>\t\t\t\t\t\t\t\t\t\t\t\t\t<\/div>\n\t\t\t\t<\/div>\n\t\t\t\t<div class=\"elementor-element elementor-element-8468d5a elementor-widget elementor-widget-image\" data-id=\"8468d5a\" data-element_type=\"widget\" data-widget_type=\"image.default\">\n\t\t\t\t<div class=\"elementor-widget-container\">\n\t\t\t\t\t\t\t\t\t\t\t\t\t<img loading=\"lazy\" decoding=\"async\" width=\"1024\" height=\"576\" src=\"https:\/\/xn--chteau-bout-du-bois-cvb.fr\/wp-content\/uploads\/2025\/09\/chteau-facade-arriere-1024x576.jpg\" class=\"attachment-large size-large wp-image-445\" alt=\"\" srcset=\"https:\/\/xn--chteau-bout-du-bois-cvb.fr\/wp-content\/uploads\/2025\/09\/chteau-facade-arriere-1024x576.jpg 1024w, https:\/\/xn--chteau-bout-du-bois-cvb.fr\/wp-content\/uploads\/2025\/09\/chteau-facade-arriere-300x169.jpg 300w, https:\/\/xn--chteau-bout-du-bois-cvb.fr\/wp-content\/uploads\/2025\/09\/chteau-facade-arriere-768x432.jpg 768w, https:\/\/xn--chteau-bout-du-bois-cvb.fr\/wp-content\/uploads\/2025\/09\/chteau-facade-arriere.jpg 1080w\" sizes=\"(max-width: 1024px) 100vw, 1024px\" \/>\t\t\t\t\t\t\t\t\t\t\t\t\t<\/div>\n\t\t\t\t<\/div>\n\t\t\t\t\t<\/div>\n\t\t\t\t<\/div>\n\t\t<div class=\"elementor-element elementor-element-efb101e e-flex e-con-boxed e-con e-parent\" data-id=\"efb101e\" data-element_type=\"container\">\n\t\t\t\t\t<div class=\"e-con-inner\">\n\t\t\t\t<div class=\"elementor-element elementor-element-7fae508 elementor-widget elementor-widget-image\" data-id=\"7fae508\" data-element_type=\"widget\" data-widget_type=\"image.default\">\n\t\t\t\t<div class=\"elementor-widget-container\">\n\t\t\t\t\t\t\t\t\t\t\t\t\t<img loading=\"lazy\" decoding=\"async\" width=\"461\" height=\"1024\" src=\"https:\/\/xn--chteau-bout-du-bois-cvb.fr\/wp-content\/uploads\/2025\/09\/thumbnail-3-461x1024.jpg\" class=\"attachment-large size-large wp-image-459\" alt=\"\" srcset=\"https:\/\/xn--chteau-bout-du-bois-cvb.fr\/wp-content\/uploads\/2025\/09\/thumbnail-3-461x1024.jpg 461w, https:\/\/xn--chteau-bout-du-bois-cvb.fr\/wp-content\/uploads\/2025\/09\/thumbnail-3-135x300.jpg 135w, https:\/\/xn--chteau-bout-du-bois-cvb.fr\/wp-content\/uploads\/2025\/09\/thumbnail-3.jpg 584w\" sizes=\"(max-width: 461px) 100vw, 461px\" \/>\t\t\t\t\t\t\t\t\t\t\t\t\t<\/div>\n\t\t\t\t<\/div>\n\t\t\t\t\t<\/div>\n\t\t\t\t<\/div>\n\t\t\t\t<\/div>\n\t\t","protected":false},"excerpt":{"rendered":"<p>Appartenant autrefois au hameau du Bout du Bois, le ch\u00e2teau est aujourd&rsquo;hui rattach\u00e9 \u00e0 la commune de Montjavoult; c&rsquo;est la raison pour laquelle il est aussi appel\u00e9 \u00a0 \u00a0 \u00a0 \u00a0 \u00a0 \u00a0 \u00a0 \u00a0 \u00a0 \u00a0 \u00a0 \u00a0\u00a0 \u00ab\u00a0Le Ch\u00e2teau de Montjavoult\u00a0\u00bb En 1914, le ch\u00e2teau accueille une partie de l&rsquo;\u00e9tat-major alli\u00e9. Troupes am\u00e9ricaines [&hellip;]<\/p>\n","protected":false},"author":1,"featured_media":0,"parent":0,"menu_order":0,"comment_status":"closed","ping_status":"closed","template":"","meta":{"_themeisle_gutenberg_block_has_review":false,"footnotes":""},"class_list":["post-143","page","type-page","status-publish","hentry"],"_links":{"self":[{"href":"https:\/\/xn--chteau-bout-du-bois-cvb.fr\/index.php\/wp-json\/wp\/v2\/pages\/143","targetHints":{"allow":["GET"]}}],"collection":[{"href":"https:\/\/xn--chteau-bout-du-bois-cvb.fr\/index.php\/wp-json\/wp\/v2\/pages"}],"about":[{"href":"https:\/\/xn--chteau-bout-du-bois-cvb.fr\/index.php\/wp-json\/wp\/v2\/types\/page"}],"author":[{"embeddable":true,"href":"https:\/\/xn--chteau-bout-du-bois-cvb.fr\/index.php\/wp-json\/wp\/v2\/users\/1"}],"replies":[{"embeddable":true,"href":"https:\/\/xn--chteau-bout-du-bois-cvb.fr\/index.php\/wp-json\/wp\/v2\/comments?post=143"}],"version-history":[{"count":40,"href":"https:\/\/xn--chteau-bout-du-bois-cvb.fr\/index.php\/wp-json\/wp\/v2\/pages\/143\/revisions"}],"predecessor-version":[{"id":462,"href":"https:\/\/xn--chteau-bout-du-bois-cvb.fr\/index.php\/wp-json\/wp\/v2\/pages\/143\/revisions\/462"}],"wp:attachment":[{"href":"https:\/\/xn--chteau-bout-du-bois-cvb.fr\/index.php\/wp-json\/wp\/v2\/media?parent=143"}],"curies":[{"name":"wp","href":"https:\/\/api.w.org\/{rel}","templated":true}]}}