{"id":121,"date":"2023-12-27T18:56:24","date_gmt":"2023-12-27T17:56:24","guid":{"rendered":"https:\/\/xn--chteau-bout-du-bois-cvb.fr\/?page_id=121"},"modified":"2025-05-25T08:01:11","modified_gmt":"2025-05-25T06:01:11","slug":"accueil","status":"publish","type":"page","link":"https:\/\/xn--chteau-bout-du-bois-cvb.fr\/index.php\/accueil\/","title":{"rendered":"Accueil"},"content":{"rendered":"\t\t<div data-elementor-type=\"wp-page\" data-elementor-id=\"121\" class=\"elementor elementor-121\">\n\t\t\t\t<div class=\"elementor-element elementor-element-7c549d8 e-con-full e-flex e-con e-parent\" data-id=\"7c549d8\" data-element_type=\"container\">\n\t\t\t\t<div class=\"elementor-element elementor-element-30cf328 elementor-widget elementor-widget-image\" data-id=\"30cf328\" data-element_type=\"widget\" data-widget_type=\"image.default\">\n\t\t\t\t<div class=\"elementor-widget-container\">\n\t\t\t<style>\/*! elementor - v3.23.0 - 25-07-2024 *\/\n.elementor-widget-image{text-align:center}.elementor-widget-image a{display:inline-block}.elementor-widget-image a img[src$=\".svg\"]{width:48px}.elementor-widget-image img{vertical-align:middle;display:inline-block}<\/style>\t\t\t\t\t\t\t<figure class=\"wp-caption\">\n\t\t\t\t\t\t\t\t\t\t<img fetchpriority=\"high\" decoding=\"async\" width=\"1024\" height=\"768\" src=\"https:\/\/xn--chteau-bout-du-bois-cvb.fr\/wp-content\/uploads\/2023\/09\/photo-site-accueil-1024x768.jpg\" class=\"attachment-large size-large wp-image-24\" alt=\"\" srcset=\"https:\/\/xn--chteau-bout-du-bois-cvb.fr\/wp-content\/uploads\/2023\/09\/photo-site-accueil-1024x768.jpg 1024w, https:\/\/xn--chteau-bout-du-bois-cvb.fr\/wp-content\/uploads\/2023\/09\/photo-site-accueil-300x225.jpg 300w, https:\/\/xn--chteau-bout-du-bois-cvb.fr\/wp-content\/uploads\/2023\/09\/photo-site-accueil-768x576.jpg 768w, https:\/\/xn--chteau-bout-du-bois-cvb.fr\/wp-content\/uploads\/2023\/09\/photo-site-accueil-1536x1152.jpg 1536w, https:\/\/xn--chteau-bout-du-bois-cvb.fr\/wp-content\/uploads\/2023\/09\/photo-site-accueil-2048x1536.jpg 2048w\" sizes=\"(max-width: 1024px) 100vw, 1024px\" \/>\t\t\t\t\t\t\t\t\t\t\t<figcaption class=\"widget-image-caption wp-caption-text\">Bienvenue au Ch\u00e2teau du Bout du Bois \u00e0 Montjavoult<\/figcaption>\n\t\t\t\t\t\t\t\t\t\t<\/figure>\n\t\t\t\t\t\t\t<\/div>\n\t\t\t\t<\/div>\n\t\t\t\t<\/div>\n\t\t<div class=\"elementor-element elementor-element-ab4d0c0 e-flex e-con-boxed e-con e-parent\" data-id=\"ab4d0c0\" data-element_type=\"container\">\n\t\t\t\t\t<div class=\"e-con-inner\">\n\t\t\t\t<div class=\"elementor-element elementor-element-65b53cf elementor-widget elementor-widget-text-editor\" data-id=\"65b53cf\" data-element_type=\"widget\" data-widget_type=\"text-editor.default\">\n\t\t\t\t<div class=\"elementor-widget-container\">\n\t\t\t<style>\/*! elementor - v3.23.0 - 25-07-2024 *\/\n.elementor-widget-text-editor.elementor-drop-cap-view-stacked .elementor-drop-cap{background-color:#69727d;color:#fff}.elementor-widget-text-editor.elementor-drop-cap-view-framed .elementor-drop-cap{color:#69727d;border:3px solid;background-color:transparent}.elementor-widget-text-editor:not(.elementor-drop-cap-view-default) .elementor-drop-cap{margin-top:8px}.elementor-widget-text-editor:not(.elementor-drop-cap-view-default) .elementor-drop-cap-letter{width:1em;height:1em}.elementor-widget-text-editor .elementor-drop-cap{float:left;text-align:center;line-height:1;font-size:50px}.elementor-widget-text-editor .elementor-drop-cap-letter{display:inline-block}<\/style>\t\t\t\t<p><span style=\"color: #000000;\">En 2012 Le Ch\u00e2teau du Bout du Bois devient la propri\u00e9t\u00e9 de nouveaux acqu\u00e9reurs; ceux-ci font un pari fou: celui de r\u00e9nover et d&rsquo;entretenir par des fonds exclusivement priv\u00e9s cette demeure de charme\u2026 tir\u00e9 du fruit des futures locations de ces appartements.<\/span><\/p><p><span style=\"color: #000000;\">Aujourd&rsquo;hui, ces appartements modernes et r\u00e9nov\u00e9s font le succ\u00e8s et la mise en valeur du Ch\u00e2teau du Bout du Bois et de son hameau.<\/span><\/p><p><span style=\"color: #000000;\">Fin 2019, le livre se referme sur sept ans de gros travaux, et avec un certain bonheur&#8230;tant de force, de m\u00e9thode et d&rsquo;accomplissement sans rel\u00e2che pour redonner vie \u00e0 ses richesses d&rsquo;autrefois&#8230;<\/span><\/p><p><span style=\"color: #000000;\">Aujourd&rsquo;hui les embellissements continuent pour r\u00e9pondre au modernisme du jour tout en p\u00e9rennisant l&rsquo;architecture de cette demeure bourgeoise.<\/span><\/p><p><span style=\"color: #000000;\">Le premier corps du ch\u00e2teau date du XVII \u00e8me si\u00e8cle ( \u00e9difice de gauche), le second est achev\u00e9 au XVIII \u00e8me si\u00e8cle ( \u00e9difice de droite).<\/span><\/p><p><span style=\"color: #000000;\">Le ch\u00e2teau totalise 13 appartements grand standing, allant du studio \u00e0 l&rsquo;appartement 5 pi\u00e8ces, et jusqu&rsquo;\u00e0 110 M2, b\u00e9n\u00e9ficiant pour certains d&rsquo;une vue panoramique, de balcons ou d&rsquo;une terrasse privative;<\/span><\/p><p><span style=\"color: #000000;\">De grandes pi\u00e8ces spacieuses: double s\u00e9jour, triple s\u00e9jour!&#8230;Pour amateurs de grands espaces&#8230;et de s\u00e9r\u00e9nit\u00e9.<\/span><\/p><p><span style=\"color: #000000;\">Ces appartements b\u00e9n\u00e9ficient de la fibre optique,\u00a0de compteurs individuels d&rsquo;\u00e9lectricit\u00e9 et d&rsquo;eau; le chauffage est assur\u00e9 par des radiateurs de derni\u00e8re g\u00e9n\u00e9rations \u00e9co-fluide.<\/span><\/p><p><span style=\"color: #000000;\">L&rsquo;isolation thermique est assur\u00e9e par des menuiseries en double vitrage, murs et plafonds ont \u00e9t\u00e9 isol\u00e9s et repens\u00e9s.<\/span><\/p><p><span style=\"color: #000000;\">Et lorsque le jour laisse place au cr\u00e9puscule, vous aurez le privil\u00e8ge de contempler le coucher de soleil, qui, en douceur et en couleur, dispara\u00eet derri\u00e8re l&rsquo;horizon&#8230;\u00a0<\/span><\/p><p><span style=\"color: #000000;\">les parties communes:<\/span><\/p><p><span style=\"color: #000000;\">Le hall d&rsquo;entr\u00e9e est d\u00e9cor\u00e9 de gr\u00e8s c\u00e9rame et de pierre marbri\u00e8re, murs aux teintes pastels ou fleur de lys*.<\/span><\/p><p><span style=\"color: #000000;\">Eclairage automatique des paliers par d\u00e9tecteurs de pr\u00e9sence*.<\/span><\/p><p><span style=\"color: #000000;\">*selon les parties communes<\/span><\/p><p><span style=\"color: #000000;\">Les v\u00e9hicules:<\/span><\/p><p><span style=\"color: #000000;\">Les v\u00e9hicules sont stationn\u00e9s \u00e0 l&rsquo;int\u00e9rieur du site<\/span><\/p><p><span style=\"color: #000000;\">Le jardinage individuel est autoris\u00e9 et une cabane est laiss\u00e9e \u00e0 disposition pour stocker mat\u00e9riels, v\u00e9los des r\u00e9sidents.<\/span><\/p>\t\t\t\t\t\t<\/div>\n\t\t\t\t<\/div>\n\t\t\t\t\t<\/div>\n\t\t\t\t<\/div>\n\t\t<div class=\"elementor-element elementor-element-c57ceaf e-flex e-con-boxed e-con e-parent\" data-id=\"c57ceaf\" data-element_type=\"container\">\n\t\t\t\t\t<div class=\"e-con-inner\">\n\t\t\t\t<div class=\"elementor-element elementor-element-03abaf9 elementor-widget elementor-widget-google_maps\" data-id=\"03abaf9\" data-element_type=\"widget\" data-widget_type=\"google_maps.default\">\n\t\t\t\t<div class=\"elementor-widget-container\">\n\t\t\t<style>\/*! elementor - v3.23.0 - 25-07-2024 *\/\n.elementor-widget-google_maps .elementor-widget-container{overflow:hidden}.elementor-widget-google_maps .elementor-custom-embed{line-height:0}.elementor-widget-google_maps iframe{height:300px}<\/style>\t\t<div class=\"elementor-custom-embed\">\n\t\t\t<iframe loading=\"lazy\"\n\t\t\t\t\tsrc=\"https:\/\/maps.google.com\/maps?q=12%20rue%20du%20chateau%2060240%20montjavoult%20france&#038;t=m&#038;z=10&#038;output=embed&#038;iwloc=near\"\n\t\t\t\t\ttitle=\"12 rue du chateau 60240 montjavoult france\"\n\t\t\t\t\taria-label=\"12 rue du chateau 60240 montjavoult france\"\n\t\t\t><\/iframe>\n\t\t<\/div>\n\t\t\t\t<\/div>\n\t\t\t\t<\/div>\n\t\t\t\t\t<\/div>\n\t\t\t\t<\/div>\n\t\t\t\t<\/div>\n\t\t","protected":false},"excerpt":{"rendered":"<p>Bienvenue au Ch\u00e2teau du Bout du Bois \u00e0 Montjavoult En 2012 Le Ch\u00e2teau du Bout du Bois devient la propri\u00e9t\u00e9 de nouveaux acqu\u00e9reurs; ceux-ci font un pari fou: celui de r\u00e9nover et d&rsquo;entretenir par des fonds exclusivement priv\u00e9s cette demeure de charme\u2026 tir\u00e9 du fruit des futures locations de ces appartements. Aujourd&rsquo;hui, ces appartements modernes [&hellip;]<\/p>\n","protected":false},"author":1,"featured_media":0,"parent":0,"menu_order":0,"comment_status":"closed","ping_status":"closed","template":"","meta":{"_themeisle_gutenberg_block_has_review":false,"footnotes":""},"class_list":["post-121","page","type-page","status-publish","hentry"],"_links":{"self":[{"href":"https:\/\/xn--chteau-bout-du-bois-cvb.fr\/index.php\/wp-json\/wp\/v2\/pages\/121","targetHints":{"allow":["GET"]}}],"collection":[{"href":"https:\/\/xn--chteau-bout-du-bois-cvb.fr\/index.php\/wp-json\/wp\/v2\/pages"}],"about":[{"href":"https:\/\/xn--chteau-bout-du-bois-cvb.fr\/index.php\/wp-json\/wp\/v2\/types\/page"}],"author":[{"embeddable":true,"href":"https:\/\/xn--chteau-bout-du-bois-cvb.fr\/index.php\/wp-json\/wp\/v2\/users\/1"}],"replies":[{"embeddable":true,"href":"https:\/\/xn--chteau-bout-du-bois-cvb.fr\/index.php\/wp-json\/wp\/v2\/comments?post=121"}],"version-history":[{"count":27,"href":"https:\/\/xn--chteau-bout-du-bois-cvb.fr\/index.php\/wp-json\/wp\/v2\/pages\/121\/revisions"}],"predecessor-version":[{"id":348,"href":"https:\/\/xn--chteau-bout-du-bois-cvb.fr\/index.php\/wp-json\/wp\/v2\/pages\/121\/revisions\/348"}],"wp:attachment":[{"href":"https:\/\/xn--chteau-bout-du-bois-cvb.fr\/index.php\/wp-json\/wp\/v2\/media?parent=121"}],"curies":[{"name":"wp","href":"https:\/\/api.w.org\/{rel}","templated":true}]}}